{"id":199,"date":"2016-12-10T18:20:11","date_gmt":"2016-12-10T18:20:11","guid":{"rendered":"http:\/\/friedenswegev.info\/?page_id=199"},"modified":"2020-01-11T14:20:15","modified_gmt":"2020-01-11T14:20:15","slug":"spende","status":"publish","type":"page","link":"http:\/\/friedenswegev.info\/?page_id=199","title":{"rendered":"Spende"},"content":{"rendered":"<p>Um unsere Arbeit in der Bildung, dem gegenseitigen Verst\u00e4ndnis, dem kulturellen Austausch und der Integration durch unsere ehrenamtliche T\u00e4tigkeit weiter fortsetzen zu k\u00f6nnen, sind wir auf jede Spende angewiesen.<\/p>\n<h1><span style=\"color: #008000;\">Der Verein ist vom Finanzamt Marl f\u00fcr folgende Zwecke als gemeinn\u00fctzig anerkannt:<\/span><\/h1>\n<ul>\n<li>F\u00f6rderung der Jugendhilfe<\/li>\n<li>F\u00f6rderung der Erziehung<\/li>\n<li>F\u00f6rderung der Volks- und Berufsbildung sowie der Studentenhilfe<\/li>\n<li>F\u00f6rderung internationaler Gesinnung, der Toloranz auf allen Gebieten der Kultur und des V\u00f6lkerverst\u00e4ndigungsgedankens<\/li>\n<\/ul>\n<h1><span style=\"color: #008000;\">Unsere Bankverbindung:<\/span><\/h1>\n<p>Kontoinhaber: Friedensweg e.V.<\/p>\n<p>Volksbank Marl-Recklinghausen eG<\/p>\n<p><strong>BIC: GENODEM1MRL<\/strong><\/p>\n<p><strong>IBAN: DE 11 4266 1008 0914 7279 00<\/strong><\/p>\n<p>Wir bedanken uns f\u00fcr Ihre Spende<\/p>\n","protected":false},"excerpt":{"rendered":"<p>Um unsere Arbeit in der Bildung, dem gegenseitigen Verst\u00e4ndnis, dem kulturellen Austausch und der Integration durch unsere ehrenamtliche T\u00e4tigkeit weiter fortsetzen zu k\u00f6nnen, sind wir auf jede Spende angewiesen. Der Verein ist vom Finanzamt Marl f\u00fcr folgende Zwecke als gemeinn\u00fctzig anerkannt: F\u00f6rderung der Jugendhilfe F\u00f6rderung der Erziehung F\u00f6rderung der Volks- und Berufsbildung sowie der Studentenhilfe [&hellip;]<\/p>\n","protected":false},"author":1,"featured_media":0,"parent":189,"menu_order":0,"comment_status":"closed","ping_status":"closed","template":"","meta":{"gt_page_layout":"","gt_hide_page_title":false,"gt_remove_bottom_margin":false},"_links":{"self":[{"href":"http:\/\/friedenswegev.info\/index.php?rest_route=\/wp\/v2\/pages\/199"}],"collection":[{"href":"http:\/\/friedenswegev.info\/index.php?rest_route=\/wp\/v2\/pages"}],"about":[{"href":"http:\/\/friedenswegev.info\/index.php?rest_route=\/wp\/v2\/types\/page"}],"author":[{"embeddable":true,"href":"http:\/\/friedenswegev.info\/index.php?rest_route=\/wp\/v2\/users\/1"}],"replies":[{"embeddable":true,"href":"http:\/\/friedenswegev.info\/index.php?rest_route=%2Fwp%2Fv2%2Fcomments&post=199"}],"version-history":[{"count":8,"href":"http:\/\/friedenswegev.info\/index.php?rest_route=\/wp\/v2\/pages\/199\/revisions"}],"predecessor-version":[{"id":558,"href":"http:\/\/friedenswegev.info\/index.php?rest_route=\/wp\/v2\/pages\/199\/revisions\/558"}],"up":[{"embeddable":true,"href":"http:\/\/friedenswegev.info\/index.php?rest_route=\/wp\/v2\/pages\/189"}],"wp:attachment":[{"href":"http:\/\/friedenswegev.info\/index.php?rest_route=%2Fwp%2Fv2%2Fmedia&parent=199"}],"curies":[{"name":"wp","href":"https:\/\/api.w.org\/{rel}","templated":true}]}}